{"id":192,"date":"2018-03-20T16:31:05","date_gmt":"2018-03-20T15:31:05","guid":{"rendered":"https:\/\/lebensbild.net\/?page_id=192"},"modified":"2023-09-20T12:01:12","modified_gmt":"2023-09-20T10:01:12","slug":"verpflegung","status":"publish","type":"page","link":"https:\/\/lebensbild.net\/kindervilla\/verpflegung\/","title":{"rendered":"Verpflegung"},"content":{"rendered":"<div id=\"pl-192\"  class=\"panel-layout\" ><div id=\"pg-192-0\"  class=\"panel-grid panel-has-style\" ><div class=\"headline-center siteorigin-panels-stretch panel-row-style panel-row-style-for-192-0\" data-stretch-type=\"full\" ><div id=\"pgc-192-0-0\"  class=\"panel-grid-cell\" ><div id=\"panel-192-0-0-0\" class=\"so-panel widget widget_sow-editor panel-first-child panel-last-child\" data-index=\"0\" ><div class=\"headline-darkgreen margin-bottom-2 text-padding panel-widget-style panel-widget-style-for-192-0-0-0\" ><div\n\t\t\t\n\t\t\tclass=\"so-widget-sow-editor so-widget-sow-editor-base\"\n\t\t\t\n\t\t>\n<div class=\"siteorigin-widget-tinymce textwidget\">\n\t<h3>Villa f\u00fcr Kinder: Verpflegung<\/h3>\n<p>Die Villa f\u00fcr Kinder wird derzeit \u00fcber die \u201eLa Ola Frischek\u00fcche\u201c versorgt. Diese bereitet qualitativ hochwertige und frische Kost in ihrer Gro\u00dfk\u00fcche zu und liefert diese an unsere Kita. Die Verpflegung umfasst Mittagessen und Vesper. Bei uns vor Ort steht eine K\u00fcchenfachkraft bereit, welche sich um das Anrichten des Mittagessens k\u00fcmmert und die das Vesper in Form eines Buffets frisch zubereitet. Dabei wird darauf geachtet, den Kindern ein m\u00f6glichst abwechslungsreiches und ausgewogenes Essensangebot zu bieten.<\/p>\n<p>Die Kita hat dazu die M\u00f6glichkeit t\u00e4glich aus zwei verschiedenen Essensangeboten zu w\u00e4hlen und mitzubestimmen (abgestimmt auf die Geschm\u00e4cker der Kinder) Die Verpflegungskosten laufen \u00fcber einen separaten Vertrag mit dem Essenanbieter. Zur vereinfachten Handhabung stellt der Essensanbieter eine App zur Verf\u00fcgung, \u00fcber die man unkompliziert die t\u00e4gliche Essensmeldung (Mittagessen und Vesper) verwalten kann.<\/p>\n<\/div>\n<\/div><\/div><\/div><\/div><\/div><\/div><\/div>","protected":false},"excerpt":{"rendered":"<p>Villa f\u00fcr Kinder: Verpflegung Die Villa f\u00fcr Kinder wird derzeit \u00fcber die \u201eLa Ola Frischek\u00fcche\u201c versorgt. Diese bereitet qualitativ hochwertige und frische Kost in ihrer Gro\u00dfk\u00fcche zu und liefert diese an unsere Kita. Die Verpflegung umfasst Mittagessen und Vesper. Bei uns vor Ort steht eine K\u00fcchenfachkraft bereit, welche sich um das Anrichten des Mittagessens k\u00fcmmert [&hellip;]<\/p>\n","protected":false},"author":2,"featured_media":0,"parent":0,"menu_order":0,"comment_status":"closed","ping_status":"closed","template":"templates\/template-full-notitle.php","meta":{"footnotes":""},"class_list":["post-192","page","type-page","status-publish","hentry","post"],"_links":{"self":[{"href":"https:\/\/lebensbild.net\/kindervilla\/wp-json\/wp\/v2\/pages\/192","targetHints":{"allow":["GET"]}}],"collection":[{"href":"https:\/\/lebensbild.net\/kindervilla\/wp-json\/wp\/v2\/pages"}],"about":[{"href":"https:\/\/lebensbild.net\/kindervilla\/wp-json\/wp\/v2\/types\/page"}],"author":[{"embeddable":true,"href":"https:\/\/lebensbild.net\/kindervilla\/wp-json\/wp\/v2\/users\/2"}],"replies":[{"embeddable":true,"href":"https:\/\/lebensbild.net\/kindervilla\/wp-json\/wp\/v2\/comments?post=192"}],"version-history":[{"count":25,"href":"https:\/\/lebensbild.net\/kindervilla\/wp-json\/wp\/v2\/pages\/192\/revisions"}],"predecessor-version":[{"id":1137,"href":"https:\/\/lebensbild.net\/kindervilla\/wp-json\/wp\/v2\/pages\/192\/revisions\/1137"}],"wp:attachment":[{"href":"https:\/\/lebensbild.net\/kindervilla\/wp-json\/wp\/v2\/media?parent=192"}],"curies":[{"name":"wp","href":"https:\/\/api.w.org\/{rel}","templated":true}]}}