{"id":192,"date":"2018-03-20T16:31:05","date_gmt":"2018-03-20T15:31:05","guid":{"rendered":"https:\/\/lebensbild.net\/?page_id=192"},"modified":"2025-09-30T15:04:29","modified_gmt":"2025-09-30T13:04:29","slug":"verpflegung","status":"publish","type":"page","link":"https:\/\/lebensbild.net\/knirpse\/verpflegung\/","title":{"rendered":"Verpflegung"},"content":{"rendered":"<div id=\"pl-192\"  class=\"panel-layout\" ><div id=\"pg-192-0\"  class=\"panel-grid panel-has-style\" ><div class=\"headline-center  siteorigin-panels-stretch panel-row-style panel-row-style-for-192-0\" data-stretch-type=\"full\" ><div id=\"pgc-192-0-0\"  class=\"panel-grid-cell\" ><div id=\"panel-192-0-0-0\" class=\"so-panel widget widget_sow-editor panel-first-child panel-last-child\" data-index=\"0\" ><div class=\"headline-darkgreen margin-bottom-2 text-padding panel-widget-style panel-widget-style-for-192-0-0-0\" ><div\n\t\t\t\n\t\t\tclass=\"so-widget-sow-editor so-widget-sow-editor-base\"\n\t\t\t\n\t\t>\n<div class=\"siteorigin-widget-tinymce textwidget\">\n\t<h1><img loading=\"lazy\" decoding=\"async\" class=\"aligncenter wp-image-2336 size-medium\" src=\"https:\/\/lebensbild.net\/app\/uploads\/sites\/5\/2025\/09\/Essen-1-207x300.jpg\" alt=\"\" width=\"207\" height=\"300\" srcset=\"https:\/\/lebensbild.net\/app\/uploads\/sites\/5\/2025\/09\/Essen-1-207x300.jpg 207w, https:\/\/lebensbild.net\/app\/uploads\/sites\/5\/2025\/09\/Essen-1.jpg 707w\" sizes=\"auto, (max-width: 207px) 100vw, 207px\" \/>Kita Knirpse: Essensangebot<\/h1>\n<p>In unserer Einrichtung bieten wir Vollwertverpflegung\u00a0 an. Die Kinder erhalten\u00a0 Mittagessen &amp; Vesper . Das Mittagessen wird in der Einrichtung durch die Erzieher und teilweiser Unterst\u00fctzung der Kinder t\u00e4glich frisch zubereitet. Dabei achten wir auf abwechslungsreiche und vollwertige Verpflegung in Orientierung an der DGE. Das Angebot von alternativen Ersatzprodukten kann in der kleinen Einrichtung nicht realisiert werden.<\/p>\n<p>F\u00fcr die Speiseversorgung erheben wir wie f\u00fcr den Elternbeitrag eine monatliche Pauschale in H\u00f6he von 135,00 \u20ac .<\/p>\n<p>Familien mit Sozialleistungen zahlen nach erteilter Kosten\u00fcbernahmeerkl\u00e4rung ein reduziertes Essengeld f\u00fcr Mittagessen.<\/p>\n<p>Essenpreise in Einzelabrechnung pro Tag :<\/p>\n<ul>\n<li>Mittag inkl. Getr\u00e4nke: 4,70\u00a0 EUR (Bei Kosten\u00fcbernahme durch Sozialamt 0,00 EUR)<\/li>\n<li>Vesper: 1,50 EUR<\/li>\n<li>Servicepauschale: 1,50 \u20ac<\/li>\n<\/ul>\n<p>F\u00fcr den 1. Eingew\u00f6hnungsmonat erheben wir ebenfalls Einzelbeitr\u00e4ge, je nach Verbrauch.<\/p>\n<\/div>\n<\/div><\/div><\/div><\/div><\/div><\/div><\/div>","protected":false},"excerpt":{"rendered":"<p>Kita Knirpse: Essensangebot In unserer Einrichtung bieten wir Vollwertverpflegung\u00a0 an. Die Kinder erhalten\u00a0 Mittagessen &amp; Vesper . Das Mittagessen wird in der Einrichtung durch die Erzieher und teilweiser Unterst\u00fctzung der Kinder t\u00e4glich frisch zubereitet. Dabei achten wir auf abwechslungsreiche und vollwertige Verpflegung in Orientierung an der DGE. Das Angebot von alternativen Ersatzprodukten kann in der [&hellip;]<\/p>\n","protected":false},"author":2,"featured_media":0,"parent":0,"menu_order":0,"comment_status":"closed","ping_status":"closed","template":"templates\/template-full-notitle.php","meta":{"footnotes":""},"class_list":["post-192","page","type-page","status-publish","hentry","post"],"_links":{"self":[{"href":"https:\/\/lebensbild.net\/knirpse\/wp-json\/wp\/v2\/pages\/192","targetHints":{"allow":["GET"]}}],"collection":[{"href":"https:\/\/lebensbild.net\/knirpse\/wp-json\/wp\/v2\/pages"}],"about":[{"href":"https:\/\/lebensbild.net\/knirpse\/wp-json\/wp\/v2\/types\/page"}],"author":[{"embeddable":true,"href":"https:\/\/lebensbild.net\/knirpse\/wp-json\/wp\/v2\/users\/2"}],"replies":[{"embeddable":true,"href":"https:\/\/lebensbild.net\/knirpse\/wp-json\/wp\/v2\/comments?post=192"}],"version-history":[{"count":12,"href":"https:\/\/lebensbild.net\/knirpse\/wp-json\/wp\/v2\/pages\/192\/revisions"}],"predecessor-version":[{"id":2337,"href":"https:\/\/lebensbild.net\/knirpse\/wp-json\/wp\/v2\/pages\/192\/revisions\/2337"}],"wp:attachment":[{"href":"https:\/\/lebensbild.net\/knirpse\/wp-json\/wp\/v2\/media?parent=192"}],"curies":[{"name":"wp","href":"https:\/\/api.w.org\/{rel}","templated":true}]}}